{"id":525,"date":"2025-07-30T16:07:17","date_gmt":"2025-07-30T14:07:17","guid":{"rendered":"https:\/\/vigil-solutions.eu\/?page_id=525"},"modified":"2025-08-12T16:25:33","modified_gmt":"2025-08-12T14:25:33","slug":"contact","status":"publish","type":"page","link":"https:\/\/vigil-solutions.eu\/en\/contact\/","title":{"rendered":"contact"},"content":{"rendered":"<div data-elementor-type=\"wp-page\" data-elementor-id=\"525\" class=\"elementor elementor-525\" data-elementor-post-type=\"page\">\n\t\t\t\t<div class=\"elementor-element elementor-element-23f7d2e e-flex e-con-boxed e-con e-parent\" data-id=\"23f7d2e\" data-element_type=\"container\" data-e-type=\"container\" data-settings=\"{&quot;background_background&quot;:&quot;classic&quot;}\">\n\t\t\t\t\t<div class=\"e-con-inner\">\n\t\t<div class=\"elementor-element elementor-element-f6d0b1a e-con-full e-flex e-con e-child\" data-id=\"f6d0b1a\" data-element_type=\"container\" data-e-type=\"container\">\n\t\t\t\t<div class=\"elementor-element elementor-element-41e8efe elementor-widget-tablet__width-inherit elementor-widget elementor-widget-heading\" data-id=\"41e8efe\" data-element_type=\"widget\" data-e-type=\"widget\" data-widget_type=\"heading.default\">\n\t\t\t\t<div class=\"elementor-widget-container\">\n\t\t\t\t\t<h2 class=\"elementor-heading-title elementor-size-default\">\nContact Us\n<\/h2>\t\t\t\t<\/div>\n\t\t\t\t<\/div>\n\t\t\t\t<\/div>\n\t\t\t\t\t<\/div>\n\t\t\t\t<\/div>\n\t\t<div class=\"elementor-element elementor-element-2ce6920 e-flex e-con-boxed e-con e-parent\" data-id=\"2ce6920\" data-element_type=\"container\" data-e-type=\"container\">\n\t\t\t\t\t<div class=\"e-con-inner\">\n\t\t\t\t<div class=\"elementor-element elementor-element-6d1b8b91 elementor-widget elementor-widget-heading\" data-id=\"6d1b8b91\" data-element_type=\"widget\" data-e-type=\"widget\" data-widget_type=\"heading.default\">\n\t\t\t\t<div class=\"elementor-widget-container\">\n\t\t\t\t\t<h4 class=\"elementor-heading-title elementor-size-default\">Schedule your demo and discover how our solution can transform your business.<\/h4>\t\t\t\t<\/div>\n\t\t\t\t<\/div>\n\t\t\t\t<div class=\"elementor-element elementor-element-8806052 elementor-widget elementor-widget-heading\" data-id=\"8806052\" data-element_type=\"widget\" data-e-type=\"widget\" data-widget_type=\"heading.default\">\n\t\t\t\t<div class=\"elementor-widget-container\">\n\t\t\t\t\t<h5 class=\"elementor-heading-title elementor-size-default\">You can contact us at the following address.<\/h5>\t\t\t\t<\/div>\n\t\t\t\t<\/div>\n\t\t\t\t\t<\/div>\n\t\t\t\t<\/div>\n\t\t<div class=\"elementor-element elementor-element-66b5f12 e-flex e-con-boxed e-con e-parent\" data-id=\"66b5f12\" data-element_type=\"container\" data-e-type=\"container\">\n\t\t\t\t\t<div class=\"e-con-inner\">\n\t\t\t\t<div class=\"elementor-element elementor-element-b8b0b50 elementor-widget-divider--view-line elementor-widget elementor-widget-divider\" data-id=\"b8b0b50\" data-element_type=\"widget\" data-e-type=\"widget\" data-widget_type=\"divider.default\">\n\t\t\t\t<div class=\"elementor-widget-container\">\n\t\t\t\t\t\t\t<div class=\"elementor-divider\">\n\t\t\t<span class=\"elementor-divider-separator\">\n\t\t\t\t\t\t<\/span>\n\t\t<\/div>\n\t\t\t\t\t\t<\/div>\n\t\t\t\t<\/div>\n\t\t<div class=\"elementor-element elementor-element-1a58caf e-con-full e-flex e-con e-child\" data-id=\"1a58caf\" data-element_type=\"container\" data-e-type=\"container\">\n\t\t<div class=\"elementor-element elementor-element-4328e63 e-con-full e-flex e-con e-child\" data-id=\"4328e63\" data-element_type=\"container\" data-e-type=\"container\">\n\t\t<div class=\"elementor-element elementor-element-90ce021 e-con-full e-flex e-con e-child\" data-id=\"90ce021\" data-element_type=\"container\" data-e-type=\"container\">\n\t\t<div class=\"elementor-element elementor-element-4958494 e-con-full e-flex e-con e-child\" data-id=\"4958494\" data-element_type=\"container\" data-e-type=\"container\">\n\t\t<div class=\"elementor-element elementor-element-152ac35 e-con-full e-flex e-con e-child\" data-id=\"152ac35\" data-element_type=\"container\" data-e-type=\"container\">\n\t\t\t\t<div class=\"elementor-element elementor-element-8547e02 elementor-widget elementor-widget-heading\" data-id=\"8547e02\" data-element_type=\"widget\" data-e-type=\"widget\" data-widget_type=\"heading.default\">\n\t\t\t\t<div class=\"elementor-widget-container\">\n\t\t\t\t\t<h5 class=\"elementor-heading-title elementor-size-default\">Address<\/h5>\t\t\t\t<\/div>\n\t\t\t\t<\/div>\n\t\t\t\t<div class=\"elementor-element elementor-element-b13e354 elementor-widget elementor-widget-text-editor\" data-id=\"b13e354\" data-element_type=\"widget\" data-e-type=\"widget\" data-widget_type=\"text-editor.default\">\n\t\t\t\t<div class=\"elementor-widget-container\">\n\t\t\t\t\t\t\t\t\t<p>109\u2013115, Avenue de Luxembourg<br data-start=\"341\" data-end=\"344\" \/>R\u00e9sidence Am Duerf<br data-start=\"362\" data-end=\"365\" \/>L\u20134940 Bascharage<\/p>\t\t\t\t\t\t\t\t<\/div>\n\t\t\t\t<\/div>\n\t\t\t\t<\/div>\n\t\t<div class=\"elementor-element elementor-element-b8bd29b e-con-full e-flex e-con e-child\" data-id=\"b8bd29b\" data-element_type=\"container\" data-e-type=\"container\">\n\t\t\t\t<div class=\"elementor-element elementor-element-0c0bec5 elementor-widget elementor-widget-heading\" data-id=\"0c0bec5\" data-element_type=\"widget\" data-e-type=\"widget\" data-widget_type=\"heading.default\">\n\t\t\t\t<div class=\"elementor-widget-container\">\n\t\t\t\t\t<h5 class=\"elementor-heading-title elementor-size-default\">Phone<\/h5>\t\t\t\t<\/div>\n\t\t\t\t<\/div>\n\t\t\t\t<div class=\"elementor-element elementor-element-30e5ea5 elementor-widget elementor-widget-text-editor\" data-id=\"30e5ea5\" data-element_type=\"widget\" data-e-type=\"widget\" data-widget_type=\"text-editor.default\">\n\t\t\t\t<div class=\"elementor-widget-container\">\n\t\t\t\t\t\t\t\t\t<div class=\"elementor-element elementor-element-2cbd659 elementor-widget elementor-widget-text-editor\" data-id=\"2cbd659\" data-element_type=\"widget\" data-widget_type=\"text-editor.default\"><div class=\"elementor-widget-container\"><p class=\"elementor-icon-box-description\">+352\/ 26.30.89.35<\/p><\/div><\/div>\t\t\t\t\t\t\t\t<\/div>\n\t\t\t\t<\/div>\n\t\t\t\t<\/div>\n\t\t<div class=\"elementor-element elementor-element-50cf40c e-con-full e-flex e-con e-child\" data-id=\"50cf40c\" data-element_type=\"container\" data-e-type=\"container\">\n\t\t\t\t<div class=\"elementor-element elementor-element-897d1ba elementor-widget elementor-widget-heading\" data-id=\"897d1ba\" data-element_type=\"widget\" data-e-type=\"widget\" data-widget_type=\"heading.default\">\n\t\t\t\t<div class=\"elementor-widget-container\">\n\t\t\t\t\t<h5 class=\"elementor-heading-title elementor-size-default\">Email<\/h5>\t\t\t\t<\/div>\n\t\t\t\t<\/div>\n\t\t\t\t<div class=\"elementor-element elementor-element-af80039 elementor-widget elementor-widget-text-editor\" data-id=\"af80039\" data-element_type=\"widget\" data-e-type=\"widget\" data-widget_type=\"text-editor.default\">\n\t\t\t\t<div class=\"elementor-widget-container\">\n\t\t\t\t\t\t\t\t\t<div class=\"elementor-element elementor-element-f041847 elementor-widget elementor-widget-text-editor\" data-id=\"f041847\" data-element_type=\"widget\" data-widget_type=\"text-editor.default\"><div class=\"elementor-widget-container\"><p class=\"elementor-icon-box-description\">info@vigil.lu<\/p><\/div><\/div>\t\t\t\t\t\t\t\t<\/div>\n\t\t\t\t<\/div>\n\t\t\t\t<\/div>\n\t\t\t\t<\/div>\n\t\t\t\t<\/div>\n\t\t<div class=\"elementor-element elementor-element-7c3e8f7 e-con-full e-flex e-con e-child\" data-id=\"7c3e8f7\" data-element_type=\"container\" data-e-type=\"container\" data-settings=\"{&quot;background_background&quot;:&quot;classic&quot;}\">\n\t\t\t\t<div class=\"elementor-element elementor-element-519ab3f elementor-widget elementor-widget-google_maps\" data-id=\"519ab3f\" data-element_type=\"widget\" data-e-type=\"widget\" data-widget_type=\"google_maps.default\">\n\t\t\t\t<div class=\"elementor-widget-container\">\n\t\t\t\t\t\t\t<div class=\"elementor-custom-embed\">\n\t\t\t<iframe loading=\"lazy\"\n\t\t\t\t\tsrc=\"https:\/\/maps.google.com\/maps?q=Vigil-solutions%2C%20109%20avenue%20de%20luxembourg&#038;t=m&#038;z=12&#038;output=embed&#038;iwloc=near\"\n\t\t\t\t\ttitle=\"Vigil-solutions, 109 avenue de luxembourg\"\n\t\t\t\t\taria-label=\"Vigil-solutions, 109 avenue de luxembourg\"\n\t\t\t><\/iframe>\n\t\t<\/div>\n\t\t\t\t\t\t<\/div>\n\t\t\t\t<\/div>\n\t\t\t\t<\/div>\n\t\t\t\t<\/div>\n\t\t\t\t<\/div>\n\t\t\t\t<div class=\"elementor-element elementor-element-148bdd6 elementor-widget-divider--view-line elementor-widget elementor-widget-divider\" data-id=\"148bdd6\" data-element_type=\"widget\" data-e-type=\"widget\" data-widget_type=\"divider.default\">\n\t\t\t\t<div class=\"elementor-widget-container\">\n\t\t\t\t\t\t\t<div class=\"elementor-divider\">\n\t\t\t<span class=\"elementor-divider-separator\">\n\t\t\t\t\t\t<\/span>\n\t\t<\/div>\n\t\t\t\t\t\t<\/div>\n\t\t\t\t<\/div>\n\t\t\t\t\t<\/div>\n\t\t\t\t<\/div>\n\t\t<div class=\"elementor-element elementor-element-122a3221 e-flex e-con-boxed e-con e-parent\" data-id=\"122a3221\" data-element_type=\"container\" data-e-type=\"container\">\n\t\t\t\t\t<div class=\"e-con-inner\">\n\t\t<div class=\"elementor-element elementor-element-67a226c6 e-con-full e-flex e-con e-child\" data-id=\"67a226c6\" data-element_type=\"container\" data-e-type=\"container\" data-settings=\"{&quot;background_background&quot;:&quot;classic&quot;}\">\n\t\t\t\t<div class=\"elementor-element elementor-element-66ab9bbf elementor-widget-tablet__width-inherit elementor-widget elementor-widget-heading\" data-id=\"66ab9bbf\" data-element_type=\"widget\" data-e-type=\"widget\" data-widget_type=\"heading.default\">\n\t\t\t\t<div class=\"elementor-widget-container\">\n\t\t\t\t\t<h3 class=\"elementor-heading-title elementor-size-default\">Book your Demo Now <\/h3>\t\t\t\t<\/div>\n\t\t\t\t<\/div>\n\t\t\t\t<div class=\"elementor-element elementor-element-b356c11 elementor-widget-tablet__width-inherit elementor-widget elementor-widget-heading\" data-id=\"b356c11\" data-element_type=\"widget\" data-e-type=\"widget\" data-widget_type=\"heading.default\">\n\t\t\t\t<div class=\"elementor-widget-container\">\n\t\t\t\t\t<h3 class=\"elementor-heading-title elementor-size-default\">and discover the full potential of VIGIL<\/h3>\t\t\t\t<\/div>\n\t\t\t\t<\/div>\n\t\t<div class=\"elementor-element elementor-element-72f3a83a e-con-full e-grid e-con e-child\" data-id=\"72f3a83a\" data-element_type=\"container\" data-e-type=\"container\">\n\t\t\t\t<div class=\"elementor-element elementor-element-728e4c85 elementor-align-right elementor-widget elementor-widget-button\" data-id=\"728e4c85\" data-element_type=\"widget\" data-e-type=\"widget\" data-widget_type=\"button.default\">\n\t\t\t\t<div class=\"elementor-widget-container\">\n\t\t\t\t\t\t\t\t\t<div class=\"elementor-button-wrapper\">\n\t\t\t\t\t<a class=\"elementor-button elementor-button-link elementor-size-sm\" href=\"https:\/\/calendly.com\/arcad-vigil\/demo-vigil\" target=\"_blank\">\n\t\t\t\t\t\t<span class=\"elementor-button-content-wrapper\">\n\t\t\t\t\t\t\t\t\t<span class=\"elementor-button-text\">Book a Demo<\/span>\n\t\t\t\t\t<\/span>\n\t\t\t\t\t<\/a>\n\t\t\t\t<\/div>\n\t\t\t\t\t\t\t\t<\/div>\n\t\t\t\t<\/div>\n\t\t\t\t<div class=\"elementor-element elementor-element-2cfb835c elementor-align-left elementor-widget elementor-widget-button\" data-id=\"2cfb835c\" data-element_type=\"widget\" data-e-type=\"widget\" data-widget_type=\"button.default\">\n\t\t\t\t<div class=\"elementor-widget-container\">\n\t\t\t\t\t\t\t\t\t<div class=\"elementor-button-wrapper\">\n\t\t\t\t\t<a class=\"elementor-button elementor-button-link elementor-size-sm\" href=\"mailto:info@vigil.lu\">\n\t\t\t\t\t\t<span class=\"elementor-button-content-wrapper\">\n\t\t\t\t\t\t\t\t\t<span class=\"elementor-button-text\">Contact Us<\/span>\n\t\t\t\t\t<\/span>\n\t\t\t\t\t<\/a>\n\t\t\t\t<\/div>\n\t\t\t\t\t\t\t\t<\/div>\n\t\t\t\t<\/div>\n\t\t\t\t<\/div>\n\t\t\t\t<\/div>\n\t\t\t\t\t<\/div>\n\t\t\t\t<\/div>\n\t\t\t\t<\/div>","protected":false},"excerpt":{"rendered":"<p>Contactez-nous Planifiez votre d\u00e9mo et d\u00e9couvrez comment notre solution peut transformer votre activit\u00e9. Vous pouvez nous joindre aux coordonn\u00e9es suivantes. Adresse 109\u2013115, Avenue de LuxembourgR\u00e9sidence Am DuerfL\u20134940 Bascharage T\u00e9l\u00e9phone +352\/ 26.30.89.35 Email info@vigil.lu R\u00e9servez votre d\u00e9monstration d\u00e8s maintenant et d\u00e9couvrez tout le potentiel de VIGIL. R\u00e9server une d\u00e9mo Contactez-nous<\/p>","protected":false},"author":1,"featured_media":0,"parent":0,"menu_order":0,"comment_status":"closed","ping_status":"closed","template":"","meta":{"footnotes":""},"class_list":["post-525","page","type-page","status-publish","hentry"],"yoast_head":"<!-- This site is optimized with the Yoast SEO plugin v27.4 - https:\/\/yoast.com\/product\/yoast-seo-wordpress\/ -->\n<title>contact - Vigil<\/title>\n<meta name=\"robots\" content=\"index, follow, max-snippet:-1, max-image-preview:large, max-video-preview:-1\" \/>\n<link rel=\"canonical\" href=\"https:\/\/vigil-solutions.eu\/en\/contact\/\" \/>\n<meta property=\"og:locale\" content=\"en_GB\" \/>\n<meta property=\"og:type\" content=\"article\" \/>\n<meta property=\"og:title\" content=\"contact - Vigil\" \/>\n<meta property=\"og:description\" content=\"Contactez-nous Planifiez votre d\u00e9mo et d\u00e9couvrez comment notre solution peut transformer votre activit\u00e9. Vous pouvez nous joindre aux coordonn\u00e9es suivantes. Adresse 109\u2013115, Avenue de LuxembourgR\u00e9sidence Am DuerfL\u20134940 Bascharage T\u00e9l\u00e9phone +352\/ 26.30.89.35 Email info@vigil.lu R\u00e9servez votre d\u00e9monstration d\u00e8s maintenant et d\u00e9couvrez tout le potentiel de VIGIL. R\u00e9server une d\u00e9mo Contactez-nous\" \/>\n<meta property=\"og:url\" content=\"https:\/\/vigil-solutions.eu\/en\/contact\/\" \/>\n<meta property=\"og:site_name\" content=\"Vigil\" \/>\n<meta property=\"article:modified_time\" content=\"2025-08-12T14:25:33+00:00\" \/>\n<meta name=\"twitter:card\" content=\"summary_large_image\" \/>\n<meta name=\"twitter:label1\" content=\"Estimated reading time\" \/>\n\t<meta name=\"twitter:data1\" content=\"1 minute\" \/>\n<script type=\"application\/ld+json\" class=\"yoast-schema-graph\">{\"@context\":\"https:\\\/\\\/schema.org\",\"@graph\":[{\"@type\":\"WebPage\",\"@id\":\"https:\\\/\\\/vigil-solutions.eu\\\/contact\\\/\",\"url\":\"https:\\\/\\\/vigil-solutions.eu\\\/contact\\\/\",\"name\":\"contact - Vigil\",\"isPartOf\":{\"@id\":\"https:\\\/\\\/lightsalmon-dove-691218.hostingersite.com\\\/#website\"},\"datePublished\":\"2025-07-30T14:07:17+00:00\",\"dateModified\":\"2025-08-12T14:25:33+00:00\",\"breadcrumb\":{\"@id\":\"https:\\\/\\\/vigil-solutions.eu\\\/contact\\\/#breadcrumb\"},\"inLanguage\":\"en-GB\",\"potentialAction\":[{\"@type\":\"ReadAction\",\"target\":[\"https:\\\/\\\/vigil-solutions.eu\\\/contact\\\/\"]}]},{\"@type\":\"BreadcrumbList\",\"@id\":\"https:\\\/\\\/vigil-solutions.eu\\\/contact\\\/#breadcrumb\",\"itemListElement\":[{\"@type\":\"ListItem\",\"position\":1,\"name\":\"Home\",\"item\":\"https:\\\/\\\/vigil-solutions.eu\\\/en\\\/\"},{\"@type\":\"ListItem\",\"position\":2,\"name\":\"contact\"}]},{\"@type\":\"WebSite\",\"@id\":\"https:\\\/\\\/lightsalmon-dove-691218.hostingersite.com\\\/#website\",\"url\":\"https:\\\/\\\/lightsalmon-dove-691218.hostingersite.com\\\/\",\"name\":\"Vigil-solutions\",\"description\":\"Application 100% Web\",\"publisher\":{\"@id\":\"https:\\\/\\\/lightsalmon-dove-691218.hostingersite.com\\\/#organization\"},\"potentialAction\":[{\"@type\":\"SearchAction\",\"target\":{\"@type\":\"EntryPoint\",\"urlTemplate\":\"https:\\\/\\\/lightsalmon-dove-691218.hostingersite.com\\\/?s={search_term_string}\"},\"query-input\":{\"@type\":\"PropertyValueSpecification\",\"valueRequired\":true,\"valueName\":\"search_term_string\"}}],\"inLanguage\":\"en-GB\"},{\"@type\":\"Organization\",\"@id\":\"https:\\\/\\\/lightsalmon-dove-691218.hostingersite.com\\\/#organization\",\"name\":\"Vigil\",\"url\":\"https:\\\/\\\/lightsalmon-dove-691218.hostingersite.com\\\/\",\"logo\":{\"@type\":\"ImageObject\",\"inLanguage\":\"en-GB\",\"@id\":\"https:\\\/\\\/lightsalmon-dove-691218.hostingersite.com\\\/#\\\/schema\\\/logo\\\/image\\\/\",\"url\":\"https:\\\/\\\/vigil-solutions.eu\\\/wp-content\\\/uploads\\\/2025\\\/05\\\/1.-logo_VIGIL.png\",\"contentUrl\":\"https:\\\/\\\/vigil-solutions.eu\\\/wp-content\\\/uploads\\\/2025\\\/05\\\/1.-logo_VIGIL.png\",\"width\":601,\"height\":248,\"caption\":\"Vigil\"},\"image\":{\"@id\":\"https:\\\/\\\/lightsalmon-dove-691218.hostingersite.com\\\/#\\\/schema\\\/logo\\\/image\\\/\"}}]}<\/script>\n<!-- \/ Yoast SEO plugin. -->","yoast_head_json":{"title":"contact - Vigil","robots":{"index":"index","follow":"follow","max-snippet":"max-snippet:-1","max-image-preview":"max-image-preview:large","max-video-preview":"max-video-preview:-1"},"canonical":"https:\/\/vigil-solutions.eu\/en\/contact\/","og_locale":"en_GB","og_type":"article","og_title":"contact - Vigil","og_description":"Contactez-nous Planifiez votre d\u00e9mo et d\u00e9couvrez comment notre solution peut transformer votre activit\u00e9. Vous pouvez nous joindre aux coordonn\u00e9es suivantes. Adresse 109\u2013115, Avenue de LuxembourgR\u00e9sidence Am DuerfL\u20134940 Bascharage T\u00e9l\u00e9phone +352\/ 26.30.89.35 Email info@vigil.lu R\u00e9servez votre d\u00e9monstration d\u00e8s maintenant et d\u00e9couvrez tout le potentiel de VIGIL. R\u00e9server une d\u00e9mo Contactez-nous","og_url":"https:\/\/vigil-solutions.eu\/en\/contact\/","og_site_name":"Vigil","article_modified_time":"2025-08-12T14:25:33+00:00","twitter_card":"summary_large_image","twitter_misc":{"Estimated reading time":"1 minute"},"schema":{"@context":"https:\/\/schema.org","@graph":[{"@type":"WebPage","@id":"https:\/\/vigil-solutions.eu\/contact\/","url":"https:\/\/vigil-solutions.eu\/contact\/","name":"contact - Vigil","isPartOf":{"@id":"https:\/\/lightsalmon-dove-691218.hostingersite.com\/#website"},"datePublished":"2025-07-30T14:07:17+00:00","dateModified":"2025-08-12T14:25:33+00:00","breadcrumb":{"@id":"https:\/\/vigil-solutions.eu\/contact\/#breadcrumb"},"inLanguage":"en-GB","potentialAction":[{"@type":"ReadAction","target":["https:\/\/vigil-solutions.eu\/contact\/"]}]},{"@type":"BreadcrumbList","@id":"https:\/\/vigil-solutions.eu\/contact\/#breadcrumb","itemListElement":[{"@type":"ListItem","position":1,"name":"Home","item":"https:\/\/vigil-solutions.eu\/en\/"},{"@type":"ListItem","position":2,"name":"contact"}]},{"@type":"WebSite","@id":"https:\/\/lightsalmon-dove-691218.hostingersite.com\/#website","url":"https:\/\/lightsalmon-dove-691218.hostingersite.com\/","name":"Vigil-solutions","description":"Application 100% Web","publisher":{"@id":"https:\/\/lightsalmon-dove-691218.hostingersite.com\/#organization"},"potentialAction":[{"@type":"SearchAction","target":{"@type":"EntryPoint","urlTemplate":"https:\/\/lightsalmon-dove-691218.hostingersite.com\/?s={search_term_string}"},"query-input":{"@type":"PropertyValueSpecification","valueRequired":true,"valueName":"search_term_string"}}],"inLanguage":"en-GB"},{"@type":"Organization","@id":"https:\/\/lightsalmon-dove-691218.hostingersite.com\/#organization","name":"Vigil","url":"https:\/\/lightsalmon-dove-691218.hostingersite.com\/","logo":{"@type":"ImageObject","inLanguage":"en-GB","@id":"https:\/\/lightsalmon-dove-691218.hostingersite.com\/#\/schema\/logo\/image\/","url":"https:\/\/vigil-solutions.eu\/wp-content\/uploads\/2025\/05\/1.-logo_VIGIL.png","contentUrl":"https:\/\/vigil-solutions.eu\/wp-content\/uploads\/2025\/05\/1.-logo_VIGIL.png","width":601,"height":248,"caption":"Vigil"},"image":{"@id":"https:\/\/lightsalmon-dove-691218.hostingersite.com\/#\/schema\/logo\/image\/"}}]}},"_links":{"self":[{"href":"https:\/\/vigil-solutions.eu\/en\/wp-json\/wp\/v2\/pages\/525","targetHints":{"allow":["GET"]}}],"collection":[{"href":"https:\/\/vigil-solutions.eu\/en\/wp-json\/wp\/v2\/pages"}],"about":[{"href":"https:\/\/vigil-solutions.eu\/en\/wp-json\/wp\/v2\/types\/page"}],"author":[{"embeddable":true,"href":"https:\/\/vigil-solutions.eu\/en\/wp-json\/wp\/v2\/users\/1"}],"replies":[{"embeddable":true,"href":"https:\/\/vigil-solutions.eu\/en\/wp-json\/wp\/v2\/comments?post=525"}],"version-history":[{"count":12,"href":"https:\/\/vigil-solutions.eu\/en\/wp-json\/wp\/v2\/pages\/525\/revisions"}],"predecessor-version":[{"id":972,"href":"https:\/\/vigil-solutions.eu\/en\/wp-json\/wp\/v2\/pages\/525\/revisions\/972"}],"wp:attachment":[{"href":"https:\/\/vigil-solutions.eu\/en\/wp-json\/wp\/v2\/media?parent=525"}],"curies":[{"name":"wp","href":"https:\/\/api.w.org\/{rel}","templated":true}]}}